{"id":9,"date":"2018-07-28T11:36:09","date_gmt":"2018-07-28T11:36:09","guid":{"rendered":"https:\/\/www.Hettenschwil.ch\/?page_id=9"},"modified":"2025-09-06T19:05:24","modified_gmt":"2025-09-06T19:05:24","slug":"dorf","status":"publish","type":"page","link":"https:\/\/www.Hettenschwil.ch\/","title":{"rendered":"Dorf"},"content":{"rendered":"<p><b>Hettenschwil, unser Dorf<\/b><\/p>\n<p>Wir heissen dich recht herzlich willkommen in Hettenschwil. Unser Dorf ist unsere Heimat. Wir leben gerne hier.<\/p>\n<p>Hettenschwil hat circa 200 Einwohner und geh\u00f6rt zur Gemeinde Leuggern. Es liegt zwei Kilometer westlich von Leuggern am Zusammenfluss des Guntenbachs aus Mandach und des Belzbachs aus Hagenfirst. Der Ort ist l\u00e4ndlich gepr\u00e4gt. Entlang der Strassen nach Hagenfirst und Mandach stehen die alten Bauernh\u00e4user. Dazu gibt&#8217;s zwei kleine Quartiere mit Einfamilienh\u00e4usern auf dem Seilerberg und dem Gibrist.<\/p>\n<p>Das Postauto verbindet unser Dorf st\u00fcndlich mit dem Bahnhof D\u00f6ttingen. Mit dem \u00d6V ist Z\u00fcrich in 50 Minuten und Baden in 30 Minuten erreichbar. Mit dem Auto ist man in einer knappen halben Stunde in Brugg oder Baden.\u00a0<\/p>\n<p>Leider haben wir keinen Einkaufsladen mehr in unserem Dorf. Der VOLG und die B\u00e4ckerei Birchmeier befinden sich aber ganz in der N\u00e4he in Leuggern. Frische Lebensmittel von h\u00f6chster Qualit\u00e4t kaufen wir auch gerne in den Hofl\u00e4den einiger Bauernbetriebe. Das Angebot ist manchmal \u00fcberraschend breit. <br \/>Ebenfalls verschwunden ist unsere Post. Von der ehemaligen Poststelle ist immerhin die eigene Postleitzahl 5317 geblieben, die auch f\u00fcr die benachbarten Weiler Etzwil und Hagenfirst gilt. Den Einwohnern dieser beiden D\u00f6rfer f\u00fchlen wir uns eng verbunden. Wir arbeiten in vielen Bereichen zusammen.\u00a0<\/p>\n<p>Wir haben noch zwei Gasth\u00e4user in unserem kleinen Dorf.\u00a0 Das Restaurant Waldheim ist ein regional bekanntes Speiserestaurant. Ber\u00fchmt ist vor allem die traditionelle Metzgete. Monikas Ch\u00e4s-St\u00fcbli bietet K\u00e4sespezialit\u00e4ten und andere lokale Produkte an. Bis Fr\u00fchling 2020 gab es auch noch das Restaurant Post, eine richtige Dorfbeiz, wo man sich am Stammtisch zu einem Bier traf.\u00a0 Das &#8222;P\u00f6stli&#8220; fiel dann aber der Covid-Pandemie zum Opfer und ist seither geschlossen. Es fehlt uns sehr.\u00a0<\/p>\n<p>Das Dorf heisst Hettenschwil. Die Einheimischen nennen es aber auf Schweizerdeutsch &#8222;Hettschbel&#8220;. Wir Einwohner sind folglich &#8222;Hettschbeler&#8220;. Eine \u00e4hnliche Aussprache gilt f\u00fcr Etzwil, das &#8222;Etzbel&#8220; genannt wird.\u00a0<\/p>\n\n\n<p><\/p>\n\n\n\n<p><\/p>\n\n\n\n<p><\/p>\n\n\n\n<p><\/p>\n","protected":false},"excerpt":{"rendered":"<p>Hettenschwil, unser Dorf Wir heissen dich recht herzlich willkommen in Hettenschwil. Unser Dorf ist unsere Heimat. Wir leben gerne hier. Hettenschwil hat circa 200 Einwohner und geh\u00f6rt zur Gemeinde Leuggern. Es liegt zwei Kilometer westlich von Leuggern am Zusammenfluss des Guntenbachs aus Mandach und des Belzbachs aus Hagenfirst. Der Ort ist l\u00e4ndlich gepr\u00e4gt. Entlang der&hellip; <a class=\"more-link\" href=\"https:\/\/www.Hettenschwil.ch\/\"><span class=\"screen-reader-text\">Dorf<\/span> weiterlesen<\/a><\/p>\n","protected":false},"author":1,"featured_media":54,"parent":0,"menu_order":0,"comment_status":"closed","ping_status":"closed","template":"","meta":{"jetpack_post_was_ever_published":false,"footnotes":""},"class_list":["post-9","page","type-page","status-publish","has-post-thumbnail","hentry","entry"],"jetpack_sharing_enabled":true,"jetpack_shortlink":"https:\/\/wp.me\/PaKHjW-9","_links":{"self":[{"href":"https:\/\/www.Hettenschwil.ch\/index.php?rest_route=\/wp\/v2\/pages\/9","targetHints":{"allow":["GET"]}}],"collection":[{"href":"https:\/\/www.Hettenschwil.ch\/index.php?rest_route=\/wp\/v2\/pages"}],"about":[{"href":"https:\/\/www.Hettenschwil.ch\/index.php?rest_route=\/wp\/v2\/types\/page"}],"author":[{"embeddable":true,"href":"https:\/\/www.Hettenschwil.ch\/index.php?rest_route=\/wp\/v2\/users\/1"}],"replies":[{"embeddable":true,"href":"https:\/\/www.Hettenschwil.ch\/index.php?rest_route=%2Fwp%2Fv2%2Fcomments&post=9"}],"version-history":[{"count":39,"href":"https:\/\/www.Hettenschwil.ch\/index.php?rest_route=\/wp\/v2\/pages\/9\/revisions"}],"predecessor-version":[{"id":1723,"href":"https:\/\/www.Hettenschwil.ch\/index.php?rest_route=\/wp\/v2\/pages\/9\/revisions\/1723"}],"wp:featuredmedia":[{"embeddable":true,"href":"https:\/\/www.Hettenschwil.ch\/index.php?rest_route=\/wp\/v2\/media\/54"}],"wp:attachment":[{"href":"https:\/\/www.Hettenschwil.ch\/index.php?rest_route=%2Fwp%2Fv2%2Fmedia&parent=9"}],"curies":[{"name":"wp","href":"https:\/\/api.w.org\/{rel}","templated":true}]}}