{"id":13,"date":"2018-07-29T07:36:00","date_gmt":"2018-07-29T07:36:00","guid":{"rendered":"https:\/\/www.Hettenschwil.ch\/?page_id=13"},"modified":"2026-04-14T14:44:50","modified_gmt":"2026-04-14T14:44:50","slug":"aktuelles","status":"publish","type":"page","link":"https:\/\/www.Hettenschwil.ch\/?page_id=13","title":{"rendered":"Aktuelles"},"content":{"rendered":"\n<p>Der Staudamm am Guntebach w\u00e4chst. Er hat bereits eine H\u00f6he von 1.50 Meter erreicht. Der Baumeister gibt sich alle M\u00fche. <\/p>\n\n\n\n<p><strong>Infos<\/strong><\/p>\n\n\n\n<p>Goldschmieds ehemalige Heimst\u00e4tte ist zum Verkauf ausgeschrieben. Preis CHF 640&#8217;000. Wer bezahlt das?<\/p>\n\n\n\n<p>Die Wohnungen im Block gegen\u00fcber der Pinte (ehemals betreutes Wohnen Sommerlinde) sind zu mieten. <\/p>\n\n\n\n<p>Spenglermeister Emmenegger hat seine Einliegerwohnung zu vermieten. Es ist eine grosse 1  1\/2-Zimmerwohnung von 90 m2. Interessenten melden sich bei Ruedi und Angelika, <br>Telefon \u00a0056 245 36 82.\u00a0<\/p>\n\n\n\n<p><\/p>\n\n\n\n<p><strong>n\u00e4chste Termine<\/strong><\/p>\n\n\n\n<p><\/p>\n\n\n\n<p>Mittwoch, 15. April 2026, 19 h, Gottesdienst in der Kapelle mit Karin Klemm, anschliessend&#8230;<\/p>\n\n\n\n<p>Mittwoch, 15. April 2026, 20 h, Generalversammlung des Kapellenvereins im Waldheim, Neumitglieder willkommen. <\/p>\n\n\n\n<p>Sonntag, 26. April 2026, 13.30  &#8211; 17 h, Fr\u00fchlings-Caf\u00e9 im Schloss Einhorn. <\/p>\n\n\n\n<p><strong>*********************<\/strong><\/p>\n\n\n\n<p><strong>Kaffi-Treff  Hettenschwil und Umgebung.<\/strong><\/p>\n\n\n\n<p>Der Kaffi-Treff ist ein ungezwungenes Treffen von und f\u00fcr Frauen und M\u00e4nner aus unseren D\u00f6rfern. Eine Anmeldung ist nicht notwendig. Wer Lust hat, kommt einfach vorbei. Es sind immer ein paar Leute anwesend. Der Treff findet an folgenden Daten statt:<\/p>\n\n\n\n<p>Zeit und Ort: <strong>immer um 9.30 h im Ch\u00e4s-St\u00fcbli.<\/strong><br>Freitag, 24. April 2026<br>Freitag, 8. Mai 2026<br>Freitag, 22. Mai 2026<br>Organisatorin: Lucia V\u00f6geli.<\/p>\n\n\n\n<p class=\"has-text-align-center\"><strong>*********************<\/strong><\/p>\n\n\n\n<p>Willst du einen Termin hier ver\u00f6ffentlicht haben? <br>Sende mir ein Mail oder ein SMS oder ruf mich an. <br>Tel 079 841 7616 <br>Mail: <a href=\"mailto:willkommen@hettenschwil.ch\">willkommen@hettenschwil.ch<\/a><\/p>\n\n\n\n<p><\/p>\n\n\n\n<p class=\"has-text-align-center\"><strong>*********************<\/strong><\/p>\n\n\n\n<p><strong>Neuzuz\u00fcger willkommen!<\/strong><\/p>\n\n\n\n<p>Bist du neu in unser Dorf gez\u00fcgelt? Dann heissen wir dich herzlich willkommen. Wir hoffen, es gef\u00e4llt dir hier. <br>Hettenschwil ist kein Schlafdorf. In unserem kleinen Dorf kennt man sich \u00fcblicherweise. Es w\u00e4re deshalb sch\u00f6n, wenn du dich hier kurz vorstellen k\u00f6nntest. Sende mir darum bitte einen kleinen Text mit allgemeinen Infos , den ich hier ver\u00f6ffentlichen kann. Sch\u00f6n w\u00e4re der Name und die berufliche T\u00e4tigkeit. Mehr wollen wir gar nicht wissen. Mail an &#8222;<a href=\"mailto:willkommen@hettenschwil.ch\">willkommen@hettenschwil.ch<\/a>&#8222;. Danke.<\/p>\n\n\n\n<p class=\"has-text-align-center\"><strong>*********************<\/strong><\/p>\n\n\n\n<p><br><strong>Ankunft der Schwalben<\/strong> <br>(erste von mir gesehene Schwalbe, also ohne Gew\u00e4hr):<\/p>\n\n\n\n<p>8. April 2026   Hurra, sie sind wieder da!<br>5. April 2025 <br>2. April 2024<br>8. April 2023 <br>12. April 2022<br>29. M\u00e4rz 2021<\/p>\n\n\n\n<p>Der Abflug der Schwalben ist jeweils ab Mitte September. Wann der letzte Vogel abfliegt, ist aber schwierig zu erkennen. Ich lege mich deshalb nicht fest. <\/p>\n\n\n\n<p class=\"has-text-align-center\"><strong>*********************<\/strong><\/p>\n\n\n\n<p><strong>Kontakt<\/strong><\/p>\n\n\n\n<p>Ich freue mich auf deine Beitr\u00e4ge und Kommentare. <\/p>\n\n\n\n<p><a href=\"mailto:willkommen@hettenschwil.ch\">willkommen@hettenschwil.ch<\/a><\/p>\n\n\n\n<p class=\"has-text-align-center\">*****************<\/p>\n\n\n\n<p><\/p>\n\n\n<p><!--EndFragment--><\/p>\n\n\n<p><br><\/p>\n","protected":false},"excerpt":{"rendered":"<p>Der Staudamm am Guntebach w\u00e4chst. Er hat bereits eine H\u00f6he von 1.50 Meter erreicht. Der Baumeister gibt sich alle M\u00fche. Infos Goldschmieds ehemalige Heimst\u00e4tte ist zum Verkauf ausgeschrieben. Preis CHF 640&#8217;000. Wer bezahlt das? Die Wohnungen im Block gegen\u00fcber der Pinte (ehemals betreutes Wohnen Sommerlinde) sind zu mieten. Spenglermeister Emmenegger hat seine Einliegerwohnung zu vermieten.&hellip; <a class=\"more-link\" href=\"https:\/\/www.Hettenschwil.ch\/?page_id=13\"><span class=\"screen-reader-text\">Aktuelles<\/span> weiterlesen<\/a><\/p>\n","protected":false},"author":1,"featured_media":1764,"parent":0,"menu_order":0,"comment_status":"closed","ping_status":"closed","template":"","meta":{"jetpack_post_was_ever_published":false,"footnotes":""},"class_list":["post-13","page","type-page","status-publish","has-post-thumbnail","hentry","entry"],"jetpack_sharing_enabled":true,"jetpack_shortlink":"https:\/\/wp.me\/PaKHjW-d","_links":{"self":[{"href":"https:\/\/www.Hettenschwil.ch\/index.php?rest_route=\/wp\/v2\/pages\/13","targetHints":{"allow":["GET"]}}],"collection":[{"href":"https:\/\/www.Hettenschwil.ch\/index.php?rest_route=\/wp\/v2\/pages"}],"about":[{"href":"https:\/\/www.Hettenschwil.ch\/index.php?rest_route=\/wp\/v2\/types\/page"}],"author":[{"embeddable":true,"href":"https:\/\/www.Hettenschwil.ch\/index.php?rest_route=\/wp\/v2\/users\/1"}],"replies":[{"embeddable":true,"href":"https:\/\/www.Hettenschwil.ch\/index.php?rest_route=%2Fwp%2Fv2%2Fcomments&post=13"}],"version-history":[{"count":434,"href":"https:\/\/www.Hettenschwil.ch\/index.php?rest_route=\/wp\/v2\/pages\/13\/revisions"}],"predecessor-version":[{"id":1772,"href":"https:\/\/www.Hettenschwil.ch\/index.php?rest_route=\/wp\/v2\/pages\/13\/revisions\/1772"}],"wp:featuredmedia":[{"embeddable":true,"href":"https:\/\/www.Hettenschwil.ch\/index.php?rest_route=\/wp\/v2\/media\/1764"}],"wp:attachment":[{"href":"https:\/\/www.Hettenschwil.ch\/index.php?rest_route=%2Fwp%2Fv2%2Fmedia&parent=13"}],"curies":[{"name":"wp","href":"https:\/\/api.w.org\/{rel}","templated":true}]}}